{"id":4422,"date":"2024-10-08T13:34:29","date_gmt":"2024-10-08T11:34:29","guid":{"rendered":"https:\/\/parquetsnadal.com\/nosaltres\/"},"modified":"2024-10-08T13:34:29","modified_gmt":"2024-10-08T11:34:29","slug":"nosaltres","status":"publish","type":"page","link":"https:\/\/parquetsnadal.com\/ca\/nosaltres\/","title":{"rendered":"Nosaltres"},"content":{"rendered":"<div class=\"fusion-fullwidth fullwidth-box fusion-builder-row-1 fusion-flex-container has-pattern-background has-mask-background nonhundred-percent-fullwidth non-hundred-percent-height-scrolling\" style=\"--awb-border-radius-top-left:0px;--awb-border-radius-top-right:0px;--awb-border-radius-bottom-right:0px;--awb-border-radius-bottom-left:0px;--awb-padding-top:90px;--awb-padding-bottom:90px;--awb-min-height:700px;--awb-background-color:var(--awb-color5);--awb-flex-wrap:wrap;\" ><div class=\"fusion-builder-row fusion-row fusion-flex-align-items-flex-start fusion-flex-align-content-center fusion-flex-content-wrap\" style=\"max-width:1331.2px;margin-left: calc(-4% \/ 2 );margin-right: calc(-4% \/ 2 );\"><div class=\"fusion-layout-column fusion_builder_column fusion-builder-column-0 fusion_builder_column_1_2 1_2 fusion-flex-column fusion-column-inner-bg-wrapper fusion-column-hover-type-liftup fusion-column-liftup-border fusion-animated\" style=\"--awb-padding-top:20px;--awb-padding-right:40px;--awb-padding-bottom:20px;--awb-padding-left:40px;--awb-inner-bg-color:var(--awb-color1);--awb-inner-bg-color-hover:var(--awb-color1);--awb-inner-bg-size:cover;--awb-inner-bg-box-shadow:0px 0px 50px 20px rgba(22,22,22,0.05);;--awb-width-large:50%;--awb-spacing-right-large:3.84%;--awb-margin-bottom-large:0px;--awb-spacing-left-large:3.84%;--awb-width-medium:50%;--awb-order-medium:0;--awb-spacing-right-medium:3.84%;--awb-spacing-left-medium:3.84%;--awb-width-small:100%;--awb-order-small:0;--awb-spacing-right-small:1.92%;--awb-spacing-left-small:1.92%;\" data-animationType=\"fadeIn\" data-animationDuration=\"1.5\" data-animationOffset=\"top-into-view\"><span class=\"fusion-column-inner-bg hover-type-liftup\"><a class=\"fusion-column-anchor\" href=\"\/nosotros\/sobre-nosotros\/\"><span class=\"fusion-column-inner-bg-image\"><\/span><\/a><\/span><div class=\"fusion-column-wrapper fusion-flex-justify-content-flex-start fusion-content-layout-column\"><div class=\"fusion-title title fusion-title-1 fusion-sep-none fusion-title-center fusion-title-text fusion-title-size-two\"><h2 class=\"fusion-title-heading title-heading-center\" style=\"margin:0;\">Sobre nosaltres<\/h2><\/div><div class=\"fusion-text fusion-text-1\" style=\"--awb-content-alignment:center;\"><p><strong>coneix la nostra hist\u00f2ria i filosofia.<\/strong><\/p>\n<\/div><div class=\"fusion-text fusion-text-2\" style=\"--awb-content-alignment:center;--awb-font-size:14px;\"><p>Des del 1977, a <strong>Parquets Nadal<\/strong> hem treballat amb passi\u00f3 i dedicaci\u00f3 per oferir paviments de fusta que narren hist\u00f2ries \u00faniques. La nostra traject\u00f2ria de m\u00e9s de <strong>40 anys<\/strong> ha estat basada en el respecte per la fusta, la innovaci\u00f3 i la personalitzaci\u00f3 en cada projecte. Descobreix com hem convertit la nostra <strong>passi\u00f3 en una tradici\u00f3<\/strong> que transforma espais i crea llars plenes de vida.  <\/p>\n<\/div><\/div><\/div><div class=\"fusion-layout-column fusion_builder_column fusion-builder-column-1 fusion_builder_column_1_2 1_2 fusion-flex-column fusion-column-inner-bg-wrapper fusion-column-hover-type-liftup fusion-column-liftup-border fusion-animated\" style=\"--awb-padding-top:20px;--awb-padding-right:40px;--awb-padding-bottom:20px;--awb-padding-left:40px;--awb-inner-bg-color:var(--awb-color1);--awb-inner-bg-color-hover:var(--awb-color1);--awb-inner-bg-size:cover;--awb-inner-bg-box-shadow:0px 0px 50px 20px rgba(22,22,22,0.05);;--awb-width-large:50%;--awb-spacing-right-large:3.84%;--awb-margin-bottom-large:0px;--awb-spacing-left-large:3.84%;--awb-width-medium:50%;--awb-order-medium:0;--awb-spacing-right-medium:3.84%;--awb-spacing-left-medium:3.84%;--awb-width-small:100%;--awb-order-small:0;--awb-spacing-right-small:1.92%;--awb-spacing-left-small:1.92%;\" data-animationType=\"fadeIn\" data-animationDuration=\"1.5\" data-animationDelay=\"0.5\" data-animationOffset=\"top-into-view\"><span class=\"fusion-column-inner-bg hover-type-liftup\"><a class=\"fusion-column-anchor\" href=\"\/nosotros\/nuestro-equipo\/\"><span class=\"fusion-column-inner-bg-image\"><\/span><\/a><\/span><div class=\"fusion-column-wrapper fusion-flex-justify-content-flex-start fusion-content-layout-column\"><div class=\"fusion-title title fusion-title-2 fusion-sep-none fusion-title-center fusion-title-text fusion-title-size-two\"><h2 class=\"fusion-title-heading title-heading-center\" style=\"margin:0;\">El nostre equip<\/h2><\/div> <div class=\"fusion-text fusion-text-3\" style=\"--awb-content-alignment:center;\"><p><strong>\u00e9s un equip d&#8217;experts apassionats per la fusta.<\/strong><\/p>\n<\/div><div class=\"fusion-text fusion-text-4\" style=\"--awb-content-alignment:center;--awb-font-size:14px;\"><p>A Parquets Nadal, comptem amb un <strong>equip de professionals<\/strong> altament qualificats que comparteixen la mateixa passi\u00f3 per la fusta i l&#8217;excel\u00b7l\u00e8ncia. Des de dissenyadors i artesans fins a especialistes en instal\u00b7laci\u00f3, cada membre del nostre equip <strong>contribueix a crear<\/strong> paviments que reflecteixen la personalitat dels nostres clients. Coneix-nos i descobreix <strong>qui est\u00e0 darrere<\/strong> de cada projecte excepcional.  <\/p>\n<\/div><\/div><\/div><\/div><\/div>\n","protected":false},"excerpt":{"rendered":"","protected":false},"author":1,"featured_media":0,"parent":0,"menu_order":0,"comment_status":"closed","ping_status":"closed","template":"100-width.php","meta":{"_acf_changed":false,"footnotes":""},"class_list":["post-4422","page","type-page","status-publish","hentry"],"acf":[],"yoast_head":"<!-- This site is optimized with the Yoast SEO plugin v23.9 - https:\/\/yoast.com\/wordpress\/plugins\/seo\/ -->\n<title>Nosaltres - Parquets Nadal<\/title>\n<meta name=\"robots\" content=\"index, follow, max-snippet:-1, max-image-preview:large, max-video-preview:-1\" \/>\n<link rel=\"canonical\" href=\"https:\/\/parquetsnadal.com\/ca\/nosaltres\/\" \/>\n<meta property=\"og:locale\" content=\"ca_ES\" \/>\n<meta property=\"og:type\" content=\"article\" \/>\n<meta property=\"og:title\" content=\"Nosaltres - Parquets Nadal\" \/>\n<meta property=\"og:url\" content=\"https:\/\/parquetsnadal.com\/ca\/nosaltres\/\" \/>\n<meta property=\"og:site_name\" content=\"Parquets Nadal\" \/>\n<meta name=\"twitter:card\" content=\"summary_large_image\" \/>\n<meta name=\"twitter:label1\" content=\"Temps estimat de lectura\" \/>\n\t<meta name=\"twitter:data1\" content=\"6 minuts\" \/>\n<script type=\"application\/ld+json\" class=\"yoast-schema-graph\">{\"@context\":\"https:\/\/schema.org\",\"@graph\":[{\"@type\":\"WebPage\",\"@id\":\"https:\/\/parquetsnadal.com\/ca\/nosaltres\/\",\"url\":\"https:\/\/parquetsnadal.com\/ca\/nosaltres\/\",\"name\":\"Nosaltres - Parquets Nadal\",\"isPartOf\":{\"@id\":\"https:\/\/parquetsnadal.com\/ca\/#website\"},\"datePublished\":\"2024-10-08T11:34:29+00:00\",\"dateModified\":\"2024-10-08T11:34:29+00:00\",\"breadcrumb\":{\"@id\":\"https:\/\/parquetsnadal.com\/ca\/nosaltres\/#breadcrumb\"},\"inLanguage\":\"ca\",\"potentialAction\":[{\"@type\":\"ReadAction\",\"target\":[\"https:\/\/parquetsnadal.com\/ca\/nosaltres\/\"]}]},{\"@type\":\"BreadcrumbList\",\"@id\":\"https:\/\/parquetsnadal.com\/ca\/nosaltres\/#breadcrumb\",\"itemListElement\":[{\"@type\":\"ListItem\",\"position\":1,\"name\":\"Portada\",\"item\":\"https:\/\/parquetsnadal.com\/ca\/\"},{\"@type\":\"ListItem\",\"position\":2,\"name\":\"Nosaltres\"}]},{\"@type\":\"WebSite\",\"@id\":\"https:\/\/parquetsnadal.com\/ca\/#website\",\"url\":\"https:\/\/parquetsnadal.com\/ca\/\",\"name\":\"Parquets Nadal\",\"description\":\"Expertos en la elaboraci\u00f3n de pavimentos de madera\",\"potentialAction\":[{\"@type\":\"SearchAction\",\"target\":{\"@type\":\"EntryPoint\",\"urlTemplate\":\"https:\/\/parquetsnadal.com\/ca\/?s={search_term_string}\"},\"query-input\":{\"@type\":\"PropertyValueSpecification\",\"valueRequired\":true,\"valueName\":\"search_term_string\"}}],\"inLanguage\":\"ca\"}]}<\/script>\n<!-- \/ Yoast SEO plugin. -->","yoast_head_json":{"title":"Nosaltres - Parquets Nadal","robots":{"index":"index","follow":"follow","max-snippet":"max-snippet:-1","max-image-preview":"max-image-preview:large","max-video-preview":"max-video-preview:-1"},"canonical":"https:\/\/parquetsnadal.com\/ca\/nosaltres\/","og_locale":"ca_ES","og_type":"article","og_title":"Nosaltres - Parquets Nadal","og_url":"https:\/\/parquetsnadal.com\/ca\/nosaltres\/","og_site_name":"Parquets Nadal","twitter_card":"summary_large_image","twitter_misc":{"Temps estimat de lectura":"6 minuts"},"schema":{"@context":"https:\/\/schema.org","@graph":[{"@type":"WebPage","@id":"https:\/\/parquetsnadal.com\/ca\/nosaltres\/","url":"https:\/\/parquetsnadal.com\/ca\/nosaltres\/","name":"Nosaltres - Parquets Nadal","isPartOf":{"@id":"https:\/\/parquetsnadal.com\/ca\/#website"},"datePublished":"2024-10-08T11:34:29+00:00","dateModified":"2024-10-08T11:34:29+00:00","breadcrumb":{"@id":"https:\/\/parquetsnadal.com\/ca\/nosaltres\/#breadcrumb"},"inLanguage":"ca","potentialAction":[{"@type":"ReadAction","target":["https:\/\/parquetsnadal.com\/ca\/nosaltres\/"]}]},{"@type":"BreadcrumbList","@id":"https:\/\/parquetsnadal.com\/ca\/nosaltres\/#breadcrumb","itemListElement":[{"@type":"ListItem","position":1,"name":"Portada","item":"https:\/\/parquetsnadal.com\/ca\/"},{"@type":"ListItem","position":2,"name":"Nosaltres"}]},{"@type":"WebSite","@id":"https:\/\/parquetsnadal.com\/ca\/#website","url":"https:\/\/parquetsnadal.com\/ca\/","name":"Parquets Nadal","description":"Expertos en la elaboraci\u00f3n de pavimentos de madera","potentialAction":[{"@type":"SearchAction","target":{"@type":"EntryPoint","urlTemplate":"https:\/\/parquetsnadal.com\/ca\/?s={search_term_string}"},"query-input":{"@type":"PropertyValueSpecification","valueRequired":true,"valueName":"search_term_string"}}],"inLanguage":"ca"}]}},"_links":{"self":[{"href":"https:\/\/parquetsnadal.com\/ca\/wp-json\/wp\/v2\/pages\/4422","targetHints":{"allow":["GET"]}}],"collection":[{"href":"https:\/\/parquetsnadal.com\/ca\/wp-json\/wp\/v2\/pages"}],"about":[{"href":"https:\/\/parquetsnadal.com\/ca\/wp-json\/wp\/v2\/types\/page"}],"author":[{"embeddable":true,"href":"https:\/\/parquetsnadal.com\/ca\/wp-json\/wp\/v2\/users\/1"}],"replies":[{"embeddable":true,"href":"https:\/\/parquetsnadal.com\/ca\/wp-json\/wp\/v2\/comments?post=4422"}],"version-history":[{"count":0,"href":"https:\/\/parquetsnadal.com\/ca\/wp-json\/wp\/v2\/pages\/4422\/revisions"}],"wp:attachment":[{"href":"https:\/\/parquetsnadal.com\/ca\/wp-json\/wp\/v2\/media?parent=4422"}],"curies":[{"name":"wp","href":"https:\/\/api.w.org\/{rel}","templated":true}]}}