{"id":4415,"date":"2024-10-08T13:35:34","date_gmt":"2024-10-08T11:35:34","guid":{"rendered":"https:\/\/parquetsnadal.com\/?page_id=4415"},"modified":"2024-11-28T16:40:39","modified_gmt":"2024-11-28T15:40:39","slug":"politica-de-privadesa","status":"publish","type":"page","link":"https:\/\/parquetsnadal.com\/ca\/politica-de-privadesa\/","title":{"rendered":"POL\u00cdTICA DE PRIVADESA"},"content":{"rendered":"<div>\n<div>\n<h2 style=\"text-align: center;\">POL\u00cdTICA DE PRIVADESA<\/h2>\n<\/div>\n<div>\n<p>En compliment del Cap\u00edtol II de la llei 34\/2002, LSSICE, els informem que la present p\u00e0gina web \u00e9s propietat de <b>J. NADAL PARQUETS, S.L.<\/b>, d\u2019ara en endavant tamb\u00e9 el Prestador, domiciliada a <b>POLIGON INDUSTRIAL LES PEDRERES, CTRA. LES BORGES BLANQUES S\/N &#8211; 25144 ARBECA (LLEIDA)<\/b>, amb CIF <b>B25294455<\/b>, tel\u00e8fon de contacto: <b>973160567<\/b>, i email: <b>INFO@PARQUETSNADAL.COM<\/b>.<\/p>\n<p><b>J. NADAL PARQUETS, S.L.<\/b>., com responsable del present LLoc Web i de conformitat amb el que disposa la normativa vigent en mat\u00e8ria de protecci\u00f3 de dades personals, el Reglament (UE) 2016\/679 de 27 d&#8217;abril de 2016 (RGPD) relatiu a la protecci\u00f3 de les persones f\u00edsiques pel que fa al tractament de dades personals i a la lliure circulaci\u00f3 d&#8217;aquestes dades, la Llei Org\u00e0nica 15\/1999, de 13 de desembre, de Protecci\u00f3 de Dades de Car\u00e0cter Personal (LOPD) i per la Llei 34\/2002, de 11 de juliol, de Serveis de la Societat de la Informaci\u00f3 i del Comer\u00e7 Electr\u00f2nic (LSSICE), t\u00e9 implementades totes les mesures de seguretat, d\u2019 \u00edndole t\u00e8cnica i organitzatives, establertes en el Reial Decret 1720\/2007 de 21 de Desembre, (que desenvolupa la LOPD) per garantir i protegir la confidencialitat, integritat i disponibilitat de les dades introdu\u00efdes.<br \/>\nA efectes del que preveu la LOPD, <b>J. NADAL PARQUETS, S.L.<\/b> li informa que les dades que volunt\u00e0riament ens est\u00e0 facilitant seran incorporades als nostres sistemes d\u2019informaci\u00f3 amb la finalitat de realitzar les gestions comercials i administratives necess\u00e0ries amb els usuaris de la web; Les operacions previstes per realitzar els tractaments s\u00f3n els seg\u00fcents: respondre a les consultes i\/o proporcionar informacions requerides per l\u2019 Usuari; realitzar les prestacions de serveis i\/o productes contractats o subscrits per l\u2019 Usuari; realitzar totes aquelles activitats pr\u00f2pies de <b>J. NADAL PARQUETS, S.L.<\/b> pel present av\u00eds legal ressenyades. i remetre el butllet\u00ed de not\u00edcies de la p\u00e0gina web.<br \/>\nEl firmant garanteix la veracitat de les dades aportades i es compromet a comunicar qualsevol canvi que es produeixi en els mateixos.<br \/>\nEl Prestador, mitjan\u00e7ant asterisc (*) en les caselles corresponents del formulari de contacte, li informa d\u2019aquesta obligatorietat a l\u2019 Usuari, indicant quines dades s\u00f3n necess\u00e0ries. Mitjan\u00e7ant la indicaci\u00f3 i introducci\u00f3 de les dades, l\u2019 Usuari atorga el consentiment inequ\u00edvoc a <b>J. NADAL PARQUETS, S.L.<\/b> per a procedeixi al tractament de les dades facilitades en pro de les finalitats mencionades.<br \/>\nEl no facilitar les dades personals sol\u00b7licitades o el no acceptar la present pol\u00edtica de protecci\u00f3 de dades suposa la impossibilitat de subscriure\u2019s, registrar-se o rebre informaci\u00f3 dels productes i serveis del prestador.<br \/>\nDe conformitat amb el que disposen les normatives vigents en protecci\u00f3 de dades personals, el prestador est\u00e0 complint amb totes les disposicions de les normatives RGPD i LOPD per al tractament de les dades personals de la seva responsabilitat, i manifestament amb els principis descrits a l&#8217;art. 5 del RGPD i a l\u2019art. 4 de la LOPD, pels quals s\u00f3n tractats de manera l\u00edcita, lleial i transparent en relaci\u00f3 amb l&#8217;interessat i adequades, pertinents i limitats al que necessari en relaci\u00f3 amb els fins per als quals s\u00f3n tractats.<br \/>\nEl Responsable garanteix que ha implementat pol\u00edtiques t\u00e8cniques i organitzatives apropiades per aplicar les mesures de seguretat que estableixen el RGPD i la LOPD per tal de protegir els drets i llibertats dels Usuaris.<br \/>\nD\u2019 acord amb aquestes normatives, doncs, li informem que t\u00e9 dret a sol\u00b7licitar l\u2019acc\u00e9s, rectificaci\u00f3, portabilitat i supressi\u00f3 de les seves dades i la limitaci\u00f3 i oposici\u00f3 al seu tractament dirigint-se a Pl. del Jutge, s\/n, enviant un correu electr\u00f2nic a <b>INFO@PARQUETSNADAL.COM<\/b>, indicant com Assumpte: \u201cLOPD, Drets ARCO\u201d, i adjuntant fotocopia del seu DNI o qualsevol mitj\u00e0 an\u00e0leg en dret, tal i como indica la llei. T\u00e9 dret a enretirar el consentiment prestat en qualsevol moment. La retirada del consentiment no afectar\u00e0 a la licitud del tractament efectuat abans de la retirada del consentiment. Tamb\u00e9 t\u00e9 dret a presentar una reclamaci\u00f3 davant l\u2019autoritat de control si considera que poden haver-se vist vulnerats els seus drets en relaci\u00f3 a la protecci\u00f3 de les seves dades (agpd.es).<\/p>\n<\/div>\n<div>\n<h3><b>CONFIDENCIALITAT i CESSI\u00d3 DE DADES A TERCERS<\/b><\/h3>\n<p>Les dades que ens faciliti es tractaran de forma confidencial. El prestador ha adoptat totes les mesures t\u00e8cniques i organitzatives i tots els nivells de protecci\u00f3 necessaris per a garantir la seguretat en el tractament de les dades i evitar la seva alteraci\u00f3, p\u00e8rdua, robatori, tractament o acc\u00e9s no autoritzat, at\u00e8s l\u2019estat de la tecnologia i naturalesa de les dades emmagatzemades. Aix\u00ed mateix. es garanteix tamb\u00e9 que el tractament i registre en fitxers, programes, sistemes o equips, locals i centres compleixen amb els requisits i condicions de integritat i seguretat establertes en la normativa vigent.<br \/>\n<b>J. NADAL PARQUETS, S.L.<\/b> no cedir\u00e0 les dades personals a tercers, excepte per obligaci\u00f3 legal No obstant aix\u00f2, en el cas de ser cedits a algun tercer es produiria una informaci\u00f3 pr\u00e8via sol\u00b7licitant el consentiment expr\u00e9s per tal cessi\u00f3. L\u2019 entitat responsable de la base de dades, aix\u00ed com els que intervinguin en qualsevol fase del tractament i\/o les entitats a les qui se\u2019ls hagi comunicat -en tot cas sempre amb la corresponent autoritzaci\u00f3 atorgada per l\u2019usuari-, estan obligades a observar el secret professional i a l\u2019adopci\u00f3 dels nivells de protecci\u00f3 i les mesures t\u00e8cniques i organitzatives necess\u00e0ries al seu abast per garantir la seguretat de les dades de car\u00e0cter personal, evitant, en la mesura del possible, accessos no autoritzats, modificacions il\u00b7l\u00edcites, sostraccions i\/o la p\u00e8rdua de les dades, a fi de procurar el corresponent nivell de seguretat dels fitxers del prestador, segons la naturalesa i sensibilitat de les dades facilitades pels usuaris del present Lloc Web.<\/p>\n<\/div>\n<div>\n<h3><b>ACCEPTACI\u00d3 I CONSENTIMENT<\/b><\/h3>\n<p>L\u2019 Usuari declara haver sigut informat de les condicions sobre protecci\u00f3 de dades de car\u00e0cter personal, acceptant i consentint el tractament automatitzat dels mateixos per part de <b>J. NADAL PARQUETS, S.L.<\/b>. en la forma i per a les finalitats indicades en la present Pol\u00edtica de Protecci\u00f3 de Dades Personals.<br \/>\nPer tant, a l\u2019 utilitzar aquest formulari per contactar amb <b>J. NADAL PARQUETS, S.L.<\/b>., est\u00e0 autoritzant expressament la utilitzaci\u00f3 de les seves dades per l\u2019enviament de comunicacions comercials, per qualsevol mitj\u00e0 (incloent correu electr\u00f2nic), podent anul\u00b7lar aquesta autoritzaci\u00f3 quan ho desitgi, dirigint-se a <b>J. NADAL PARQUETS, S.L.<\/b>. a trav\u00e9s dels mitjans establerts.<br \/>\nA trav\u00e9s d\u2019 aquesta Pol\u00edtica de Privadesa li informem que les fotografies que estiguin penjades a la web s\u00f3n propietat de <b>J. NADAL PARQUETS, S.L.<\/b>, incloent les dels menors, en les que, per a l\u2019 obtenci\u00f3 d\u2019aquestes, s\u2019ha obtingut el consentiment previ dels pares, tutors o representants legals mitjan\u00e7ant la signatura dels formularis realitzats a l\u2019 efecte pels centres en els quals els menors formen part. No obstant aix\u00f2, els pares, tutors o representants dels menors, com titulars de l\u2019exercici dels drets d\u2019aquests, i sempre previ requeriment formal per escrit, poden indicar la negativa a l\u2019\u00fas de la imatge del menor; en aquest cas, la imatge es mostrar\u00e0 pixel\u00b7lada.<\/p>\n<\/div>\n<div>\n<h3><b>EXACTITUD I VERACITAT DE LES DADES<\/b><\/h3>\n<p>L\u2019 usuari \u00e9s l\u2019 \u00fanic responsable de la veracitat i correcci\u00f3 de les dades que remeti a <b>J. NADAL PARQUETS, S.L.<\/b>, exonerant al Prestador de qualsevol responsabilitat al respecte. Els usuaris garanteixen i responen, en qualsevol cas, de l\u2019 exactitud, vig\u00e8ncia i autenticitat de les dades personals facilitades, i es comprometen a mantenir-los degudament actualitzats. L\u2019 usuari accepta proporcionar informaci\u00f3 completa i correcta en el formulari de registre o subscripci\u00f3.<\/p>\n<\/div>\n<div>\n<h3><b>CONTINGUT DE LA WEB I ENLLA\u00c7OS (LINKS)<\/b><\/h3>\n<p><b>J. NADAL PARQUETS, S.L.<\/b>. es reserva el dret a actualitzar, modificar o eliminar la informaci\u00f3 continguda en la web, podent, incl\u00fas, limitar o no permetre l\u2019 acc\u00e9s a la informaci\u00f3.<br \/>\n<b>J. NADAL PARQUETS, S.L.<\/b>. no assumeix cap tipus de responsabilitat per la informaci\u00f3 continguda en les Webs de tercers a les que es pugui accedir pels &#8220;links&#8221; o enlla\u00e7os des de qualsevol p\u00e0gina Web propietat del prestador.<br \/>\nLa presencia de &#8220;links&#8221; o enlla\u00e7os nom\u00e9s tenen finalitat informativa i en cap cas suposa cap sugger\u00e8ncia, invitaci\u00f3 o reconeixement sobre els mateixos.<\/p>\n<\/div>\n<div>\n<h3><b>ENVIAMENT CV<\/b><\/h3>\n<p>En el cas que l\u2019usuari enviI el seu CV a trav\u00e9s de la nostra web, li informem que les dades aportades seran tractades per fer-lo part\u00edcip dels processos de selecci\u00f3 que pugui haver, portant a terme una an\u00e0lisi del perfil del sol\u00b7licitant amb l&#8217;objectiu de seleccionar el millor candidat per al lloc vacant del Responsable. L&#8217;informem que aquest \u00e9s l&#8217;\u00fanic procediment oficial per acceptar el seu curr\u00edculum, de manera que no s&#8217;acceptaran els curr\u00edculums remesos per un altre procediment diferent. En cas de produir-se alguna modificaci\u00f3 en les dades, li preguem ens ho comuniqui per escrit el m\u00e9s aviat possible, a fi de mantenir les seves dades degudament actualitzades.<br \/>\nLes dades es conservaran durant un termini m\u00e0xim d&#8217;un any, transcorregut el qual es procedir\u00e0 a la supressi\u00f3 de les dades garantint-li un total respecte a la confidencialitat tant en el tractament com en la seva posterior destrucci\u00f3. En aquest sentit, transcorregut l&#8217;esmentat termini, i si desitja continuar participant en els processos de selecci\u00f3 del Responsable, li preguem ens remeti novament el seu curr\u00edculum.<br \/>\nLes dades es podran tractar i\/o comunicar a les empreses integrants del nostre grup durant el temps de conservaci\u00f3 del seu curr\u00edculum i per als mateixos fins abans informats.<\/p>\n<\/div>\n<div>\n<h3><b>SUBSCRIPCI\u00d3 AL BLOG DE EMPRESA<\/b><\/h3>\n<p>En el cas que l\u2019usuari es subscrigui al blog, li informem que les dades aportades seran tractades per gestionar la seva subscripci\u00f3 al blog informatiu amb av\u00eds d&#8217;actualitzaci\u00f3 i que es conservaran mentre hi hagi un inter\u00e8s mutu per mantenir la fi del tractament. Quan ja no sigui necessari per a tal fi, es suprimiran amb mesures de seguretat adequades per garantir la seudonimitzaci\u00f3 de les dades o destrucci\u00f3 total dels mateixos. No es comunicaran les dades a tercers, excepte obligaci\u00f3 legal.<\/p>\n<\/div>\n<div>\n<h3><b>PARTICIPACI\u00d3 EN F\u00d2RUMS <\/b><\/h3>\n<p>En el cas que l\u2019usuari vulgui participar en els f\u00f2rums de la web, li informem que les dades aportades seran tractades per regular la participaci\u00f3 en el mateix. Qualsevol registre o transmissi\u00f3 de dades personals que l&#8217;usuari d&#8217;aquest f\u00f2rum faciliti suposa el coneixement i acceptaci\u00f3 inequ\u00edvoc de l&#8217;Av\u00eds Legal i la Pol\u00edtica de Privadesa exposats a la p\u00e0gina web. Les dades es conservaran mentre hi hagi un inter\u00e8s mutu per mantenir la fi del tractament i quan ja no sigui necessari per a tal fi, es suprimiran amb mesures de seguretat adequades per garantir la seudonimitzaci\u00f3 de les dades o destrucci\u00f3 total dels mateixos. Les publicacions es mostraran p\u00fablicament als usuaris del f\u00f2rum on line.<\/p>\n<\/div>\n<div>\n<h3><b>PUBLICACI\u00d3 DEL SEU TESTIMONI<\/b><\/h3>\n<p>En el cas que l\u2019usuari vulgui publicar la seva opini\u00f3 a la web, li informem que les dades aportades seran tractades seran per atendre els suggeriments proposats, experi\u00e8ncies o opinions respecte dels productes i\/o serveis per ser publicades a la p\u00e0gina web i aix\u00ed poder ajudar a altres usuaris. Les dades es conservaran mentre hi hagi un inter\u00e8s mutu per mantenir la fi del tractament i quan ja no sigui necessari per a tal fi, es suprimiran amb mesures de seguretat adequades per garantir la seudonimitzaci\u00f3 de les dades o destrucci\u00f3 total dels mateixos. Els testimonis es publicaran a la nostra p\u00e0gina web. L\u2019\u00fanica dada personal que es publicar\u00e0 del testimoni ser\u00e0 el seu nom.<\/p>\n<\/div>\n<div>\n<h3><b>CANVIS EN LA PRESENT POL\u00cdTICA DE PRIVACITAT<\/b><\/h3>\n<p><b>J. NADAL PARQUETS, S.L.<\/b> es reserva el dret a modificar la present pol\u00edtica per adaptar-la a novetats legislatives o jurisprudencials.<\/p>\n<\/div>\n<div>\n<h3><b>CORREUS COMERCIALS<\/b><\/h3>\n<div>\n<p><b>D\u2019acord amb la LSSICE, <b>J. NADAL PARQUETS, S.L.<\/b> no realitza pr\u00e0ctiques d\u2019 SPAM, per tant, no envia correus comercials per e-mail que no hagin sigut pr\u00e8viament sol\u00b7licitats o autoritzats per l\u2019 Usuari. En conseq\u00fc\u00e8ncia, en cada un dels formularis de la P\u00e0gina Web, l\u2019 Usuari t\u00e9 la possibilitat de donar el seu consentiment expr\u00e9s per a rebre el nostre Butllet\u00ed, amb independ\u00e8ncia de la informaci\u00f3 comercial puntualment sol\u00b7licitada.<\/b><\/p>\n<\/div>\n<div>\n<h3><b>LEGISLACI\u00d3<\/b><\/h3>\n<p>Amb car\u00e0cter general les relacions entre <b>J. NADAL PARQUETS, S.L.<\/b> amb els Usuaris dels seus serveis telem\u00e0tics, presents en aquesta Web, estan sotmesos a la legislaci\u00f3 i jurisdicci\u00f3 espanyoles a la que es sotmeten expressament les parts, essent competents per la resoluci\u00f3 de tots els conflictes derivats o relacionats amb el seu \u00fas els Jutjats i Tribunals de Lleida.<\/p>\n<\/div>\n<\/div>\n<\/div>\n","protected":false},"excerpt":{"rendered":"<p>POL\u00cdTICA DE PRIVADESA En compliment del Cap\u00edtol II de la [&hellip;]<\/p>\n","protected":false},"author":1,"featured_media":0,"parent":0,"menu_order":0,"comment_status":"closed","ping_status":"closed","template":"100-width.php","meta":{"_acf_changed":false,"footnotes":""},"class_list":["post-4415","page","type-page","status-publish","hentry"],"acf":[],"yoast_head":"<!-- This site is optimized with the Yoast SEO plugin v23.9 - https:\/\/yoast.com\/wordpress\/plugins\/seo\/ -->\n<title>POL\u00cdTICA DE PRIVADESA - Parquets Nadal<\/title>\n<meta name=\"robots\" content=\"index, follow, max-snippet:-1, max-image-preview:large, max-video-preview:-1\" \/>\n<link rel=\"canonical\" href=\"https:\/\/parquetsnadal.com\/ca\/politica-de-privadesa\/\" \/>\n<meta property=\"og:locale\" content=\"ca_ES\" \/>\n<meta property=\"og:type\" content=\"article\" \/>\n<meta property=\"og:title\" content=\"POL\u00cdTICA DE PRIVADESA - Parquets Nadal\" \/>\n<meta property=\"og:description\" content=\"POL\u00cdTICA DE PRIVADESA En compliment del Cap\u00edtol II de la [&hellip;]\" \/>\n<meta property=\"og:url\" content=\"https:\/\/parquetsnadal.com\/ca\/politica-de-privadesa\/\" \/>\n<meta property=\"og:site_name\" content=\"Parquets Nadal\" \/>\n<meta property=\"article:modified_time\" content=\"2024-11-28T15:40:39+00:00\" \/>\n<meta name=\"twitter:card\" content=\"summary_large_image\" \/>\n<script type=\"application\/ld+json\" class=\"yoast-schema-graph\">{\"@context\":\"https:\/\/schema.org\",\"@graph\":[{\"@type\":\"WebPage\",\"@id\":\"https:\/\/parquetsnadal.com\/ca\/politica-de-privadesa\/\",\"url\":\"https:\/\/parquetsnadal.com\/ca\/politica-de-privadesa\/\",\"name\":\"POL\u00cdTICA DE PRIVADESA - Parquets Nadal\",\"isPartOf\":{\"@id\":\"https:\/\/parquetsnadal.com\/ca\/#website\"},\"datePublished\":\"2024-10-08T11:35:34+00:00\",\"dateModified\":\"2024-11-28T15:40:39+00:00\",\"breadcrumb\":{\"@id\":\"https:\/\/parquetsnadal.com\/ca\/politica-de-privadesa\/#breadcrumb\"},\"inLanguage\":\"ca\",\"potentialAction\":[{\"@type\":\"ReadAction\",\"target\":[\"https:\/\/parquetsnadal.com\/ca\/politica-de-privadesa\/\"]}]},{\"@type\":\"BreadcrumbList\",\"@id\":\"https:\/\/parquetsnadal.com\/ca\/politica-de-privadesa\/#breadcrumb\",\"itemListElement\":[{\"@type\":\"ListItem\",\"position\":1,\"name\":\"Portada\",\"item\":\"https:\/\/parquetsnadal.com\/ca\/\"},{\"@type\":\"ListItem\",\"position\":2,\"name\":\"POL\u00cdTICA DE PRIVADESA\"}]},{\"@type\":\"WebSite\",\"@id\":\"https:\/\/parquetsnadal.com\/ca\/#website\",\"url\":\"https:\/\/parquetsnadal.com\/ca\/\",\"name\":\"Parquets Nadal\",\"description\":\"Expertos en la elaboraci\u00f3n de pavimentos de madera\",\"potentialAction\":[{\"@type\":\"SearchAction\",\"target\":{\"@type\":\"EntryPoint\",\"urlTemplate\":\"https:\/\/parquetsnadal.com\/ca\/?s={search_term_string}\"},\"query-input\":{\"@type\":\"PropertyValueSpecification\",\"valueRequired\":true,\"valueName\":\"search_term_string\"}}],\"inLanguage\":\"ca\"}]}<\/script>\n<!-- \/ Yoast SEO plugin. -->","yoast_head_json":{"title":"POL\u00cdTICA DE PRIVADESA - Parquets Nadal","robots":{"index":"index","follow":"follow","max-snippet":"max-snippet:-1","max-image-preview":"max-image-preview:large","max-video-preview":"max-video-preview:-1"},"canonical":"https:\/\/parquetsnadal.com\/ca\/politica-de-privadesa\/","og_locale":"ca_ES","og_type":"article","og_title":"POL\u00cdTICA DE PRIVADESA - Parquets Nadal","og_description":"POL\u00cdTICA DE PRIVADESA En compliment del Cap\u00edtol II de la [&hellip;]","og_url":"https:\/\/parquetsnadal.com\/ca\/politica-de-privadesa\/","og_site_name":"Parquets Nadal","article_modified_time":"2024-11-28T15:40:39+00:00","twitter_card":"summary_large_image","schema":{"@context":"https:\/\/schema.org","@graph":[{"@type":"WebPage","@id":"https:\/\/parquetsnadal.com\/ca\/politica-de-privadesa\/","url":"https:\/\/parquetsnadal.com\/ca\/politica-de-privadesa\/","name":"POL\u00cdTICA DE PRIVADESA - Parquets Nadal","isPartOf":{"@id":"https:\/\/parquetsnadal.com\/ca\/#website"},"datePublished":"2024-10-08T11:35:34+00:00","dateModified":"2024-11-28T15:40:39+00:00","breadcrumb":{"@id":"https:\/\/parquetsnadal.com\/ca\/politica-de-privadesa\/#breadcrumb"},"inLanguage":"ca","potentialAction":[{"@type":"ReadAction","target":["https:\/\/parquetsnadal.com\/ca\/politica-de-privadesa\/"]}]},{"@type":"BreadcrumbList","@id":"https:\/\/parquetsnadal.com\/ca\/politica-de-privadesa\/#breadcrumb","itemListElement":[{"@type":"ListItem","position":1,"name":"Portada","item":"https:\/\/parquetsnadal.com\/ca\/"},{"@type":"ListItem","position":2,"name":"POL\u00cdTICA DE PRIVADESA"}]},{"@type":"WebSite","@id":"https:\/\/parquetsnadal.com\/ca\/#website","url":"https:\/\/parquetsnadal.com\/ca\/","name":"Parquets Nadal","description":"Expertos en la elaboraci\u00f3n de pavimentos de madera","potentialAction":[{"@type":"SearchAction","target":{"@type":"EntryPoint","urlTemplate":"https:\/\/parquetsnadal.com\/ca\/?s={search_term_string}"},"query-input":{"@type":"PropertyValueSpecification","valueRequired":true,"valueName":"search_term_string"}}],"inLanguage":"ca"}]}},"_links":{"self":[{"href":"https:\/\/parquetsnadal.com\/ca\/wp-json\/wp\/v2\/pages\/4415","targetHints":{"allow":["GET"]}}],"collection":[{"href":"https:\/\/parquetsnadal.com\/ca\/wp-json\/wp\/v2\/pages"}],"about":[{"href":"https:\/\/parquetsnadal.com\/ca\/wp-json\/wp\/v2\/types\/page"}],"author":[{"embeddable":true,"href":"https:\/\/parquetsnadal.com\/ca\/wp-json\/wp\/v2\/users\/1"}],"replies":[{"embeddable":true,"href":"https:\/\/parquetsnadal.com\/ca\/wp-json\/wp\/v2\/comments?post=4415"}],"version-history":[{"count":1,"href":"https:\/\/parquetsnadal.com\/ca\/wp-json\/wp\/v2\/pages\/4415\/revisions"}],"predecessor-version":[{"id":4416,"href":"https:\/\/parquetsnadal.com\/ca\/wp-json\/wp\/v2\/pages\/4415\/revisions\/4416"}],"wp:attachment":[{"href":"https:\/\/parquetsnadal.com\/ca\/wp-json\/wp\/v2\/media?parent=4415"}],"curies":[{"name":"wp","href":"https:\/\/api.w.org\/{rel}","templated":true}]}}